{"id":4886,"date":"2024-12-18T09:48:24","date_gmt":"2024-12-18T08:48:24","guid":{"rendered":"https:\/\/www.sauro.net\/politica-aziendale\/"},"modified":"2025-04-10T10:51:15","modified_gmt":"2025-04-10T08:51:15","slug":"politica-aziendale","status":"publish","type":"page","link":"https:\/\/www.sauro.net\/it\/politica-aziendale\/","title":{"rendered":"Politica Aziendale"},"content":{"rendered":"<p>[et_pb_section fb_built=&#8221;1&#8243; _builder_version=&#8221;4.24.2&#8243; _module_preset=&#8221;default&#8221; da_disable_devices=&#8221;off|off|off&#8221; global_colors_info=&#8221;{}&#8221; da_is_popup=&#8221;off&#8221; da_exit_intent=&#8221;off&#8221; da_has_close=&#8221;on&#8221; da_alt_close=&#8221;off&#8221; da_dark_close=&#8221;off&#8221; da_not_modal=&#8221;on&#8221; da_is_singular=&#8221;off&#8221; da_with_loader=&#8221;off&#8221; da_has_shadow=&#8221;on&#8221;][et_pb_row custom_padding_last_edited=&#8221;on|desktop&#8221; _builder_version=&#8221;4.24.2&#8243; _module_preset=&#8221;default&#8221; custom_margin_tablet=&#8221;||||false|false&#8221; custom_margin_phone=&#8221;||||false|false&#8221; custom_margin_last_edited=&#8221;on|tablet&#8221; custom_padding_tablet=&#8221;0px||0px||false|false&#8221; custom_padding_phone=&#8221;0px||0px||false|false&#8221; global_colors_info=&#8221;{}&#8221;][et_pb_column type=&#8221;4_4&#8243; _builder_version=&#8221;4.24.2&#8243; _module_preset=&#8221;default&#8221; global_colors_info=&#8221;{}&#8221;][et_pb_text _builder_version=&#8221;4.24.2&#8243; _module_preset=&#8221;default&#8221; text_font=&#8221;||||||||&#8221; text_text_color=&#8221;#000000&#8243; header_3_font=&#8221;|600|||||||&#8221; header_3_font_size=&#8221;23px&#8221; custom_margin=&#8221;||||false|false&#8221; custom_padding=&#8221;25px||25px||false|false&#8221; custom_padding_tablet=&#8221;0px||0px||false|false&#8221; custom_padding_phone=&#8221;0px||0px||false|false&#8221; custom_padding_last_edited=&#8221;on|desktop&#8221; global_colors_info=&#8221;{}&#8221;]<\/p>\n<h1><\/h1>\n<p>&nbsp;<\/p>\n<h1>Politica Aziendale Sauro<\/h1>\n<p>Sauro \u00e8 consapevole che il proprio successo dipende anche dalla capacit\u00e0 di mantenere un costante livello di attenzione alle esigenze di tutte le parti interessate e che tale successo possa essere attuato solo rispondendo e, ove possibile, anticipandone i bisogni e le aspettative, con la soddisfazione del cliente, proteggendo l\u2019ambiente, tutelando la Salute e la Sicurezza dei propri lavoratori e collaboratori. Per tali motivi il Consiglio di Amministrazione &#8211; CdA (Alta Direzione) ha adottato un Sistema di Gestione Integrato della Qualit\u00e0, Ambiente, Salute e Sicurezza sul lavoro (SGI) conforme alle norme UNI EN ISO 9001: 2015, UNI EN ISO 14001:2015 e UNI ISO 45001:2018. Il CdA (Alta Direzione), nell\u2019ottica del miglioramento continuo e dell\u2019accrescimento della sostenibilit\u00e0 ambientale, sociale e di governance, si impegna a garantire pertanto il perseguimento da parte dell\u2019Azienda dei seguenti obiettivi strategici:<br \/>&#8211; costante e sistematico rispetto dei requisiti legali e altri requisiti applicabili e sottoscritti dall\u2019Azienda, anche al fine di prevenire l\u2019inquinamento e gli incidenti\/infortuni\/malattie professionali sul lavoro;<br \/>&#8211; il miglioramento della competenza, consapevolezza, comunicazione, motivazione, consultazione, partecipazione e responsabilizzazione dei lavoratori e dei loro rappresentanti, nell\u2019adozione del SGI;<br \/>&#8211; l\u2019individuazione dei processi rilevanti per la salute e sicurezza sul lavoro e loro monitoraggio mediante opportuni indicatori allo scopo di ridurre i costi e diminuire i pericoli e le situazioni a rischio;<br \/>&#8211; l\u2019impegno verso i propri lavoratori a garantire ambienti di lavoro sicuri ed adeguati, formazione specifica, disponibilit\u00e0 all\u2019ascolto delle esigenze e richieste di ciascuno, comunicazione sull\u2019andamento del SGI, al fine di far comprendere e coinvolgere tutti nel perseguimento della politica aziendale;<br \/>&#8211; il perseguimento della tutela della salute e sicurezza dei lavoratori, prediligendo la prevenzione alla protezione, la protezione collettiva alla protezione individuale, tenendo conto della legislazione vigente nazionale ed europea, garantendo la massima collaborazione e supporto durante l\u2019individuazione dei livelli di rischio insiti nell\u2019attivit\u00e0 lavorativa, mettendo a disposizione tecnologie all\u2019avanguardia e lavoratori costantemente aggiornati;<br \/>&#8211;\u00a0 miglioramento continuo del SGI e delle proprie prestazioni (processi, ambiente, salute e sicurezza);<br \/>&#8211; coinvolgimento e sensibilizzazione continua dei lavoratori nel miglioramento del sistema di gestione integrato (SGI);<br \/>&#8211; progettazione e realizzazione di prodotti, macchine e attrezzature seguendo le tecnologie produttive e di controllo pi\u00f9 avanzate, anche in materia di prevenzione e di riduzione dei rischi per la sicurezza e di compatibilit\u00e0 ambientale, fino alle fasi di fine vita degli stessi;<br \/>&#8211; costante ricerca e impiego di materie prime e ausiliarie a ridotto impatto per l\u2019ambiente e per la salute e sicurezza, ottimizzazione dei consumi energetici e dell\u2019utilizzo di risorse naturali e da fonti rinnovabili;<br \/>&#8211; l\u2019impegno verso una gestione pi\u00f9 responsabile delle risorse idriche attraverso implementazioni di azioni che riducano il consumo di acqua e che prevengano possibili eventi inquinanti derivanti da operazioni aziendali; <br \/>&#8211; l\u2019impegno nel mitigare il cambiamento climatico incrementando l\u2019efficienza energetica e la riduzione dell\u2019emissione dei gas serra legati allo scope 1 e 2, attraverso una corretta gestione dei consumi elettrici; <br \/>&#8211; l\u2019impegno nella riduzione delle emissioni in atmosfera diverse dai gas serra, nello specifico del particolato derivante dai processi produttivi attraverso monitoraggio e analisi periodiche; <br \/>&#8211; l\u2019impegno nella riduzione dei rifiuti e in una gestione pi\u00f9 efficace dei materiali pericolosi, riducendo al minimo l\u2019impatto ambientale derivante dall\u2019uso di materie prime, sostanze chimiche e rifiuti pericolosi;<br \/>&#8211; l\u2019impegno nell\u2019adozione di pratiche sostenibili e della riduzione dell\u2019impatto ambientale assumendo un ruolo proattivo nella gestione delle sfide legate al cambiamento climatico, misurando e riducendo l&#8217;impatto ambientale delle proprie attivit\u00e0 attraverso il metodo della carbon footprint, conformemente alle normative vigenti garantendo trasparenza verso clienti e investitori sempre pi\u00f9 orientati verso aziende sostenibili;<br \/>&#8211; l\u2019impegno verso una gestione pi\u00f9 efficace degli impatti ambientali derivanti dall\u2019utilizzo dei prodotti da parte dell\u2019utente finale; Sauro infatti si impegna nello sviluppo di prodotti che riducano al minimo i danni all\u2019ambiente attraverso l\u2019analisi del ciclo di vita sul 100% dei prodotti;<br \/>&#8211; l\u2019impegno verso una gestione pi\u00f9 efficace degli impatti ambientali derivanti dal fine vita del prodotto; Sauro infatti si impegna a ridurre gli impatti ambientali generati dal fine vita del prodotto tramite campagne di sensibilizzazione verso i propri clienti che provvedono alla gestione del fine vita delle schede elettroniche che contengono i prodotti Sauro; <br \/>&#8211; l\u2019impegno verso il sostegno e la fornitura dei servizi o soluzioni alternative offerti per consentire a chiunque acquisti i prodotti Sauro di completare la propria diagnosi ambientale e al contempo di verificare la riduzione degli impatti ambientali derivanti dall\u2019acquisto degli stessi; <br \/>&#8211; l\u2019impegno verso la realizzazione di prodotti che garantiscono la salute e la sicurezza degli utilizzatori del prodotto Sauro; <br \/>&#8211; coinvolgimento della filiera di fornitura per il miglioramento delle prestazioni dei prodotti, anche in termini di prestazioni ambientali, richiedendo ai fornitori l\u2019impegno nella riduzione delle emissioni di CO2, l\u2019impegno a rispondere alle normative ambientali locali e internazionali, l\u2019impegno ad implementare soluzioni ecologiche nei loro processi produttivi e nella gestione dei prodotti finiti;<br \/>&#8211; coinvolgimento della filiera di fornitura con l\u2019impegno verso l\u2019integrazione delle tematiche ambientali, delle pratiche lavorative e dei diritti umani nella gestione della catena di fornitura;<br \/>&#8211; prevenzione delle emergenze umanitarie in aree di conflitto aderendo alla Conflict Minerals Initiative e in conformit\u00e0 al D.L. 13 del 2 febbraio 2021, che disciplina l\u2019adeguamento al regolamento europeo 2017\/821;<br \/>&#8211; promozione dell\u2019utilizzo di prodotti e imballaggi eco-compatibili o a ridotto impatto ambientale, al fine di facilitare la riciclabilit\u00e0 dei prodotti finiti nel fine vita, consentire il corretto smaltimento degli imballaggi e promuovere la riduzione dei consumi energetici.<br \/>Il CdA (Alta Direzione) ha determinato i fattori esterni e interni rilevanti per le sue finalit\u00e0 e gli indirizzi strategici che influenzano la sua capacit\u00e0 di conseguire i risultati attesi per il proprio sistema di gestione integrato (SGI). Tale valutazione \u00e8 presente nel documento di riesame della Direzione, viene aggiornata almeno annualmente o al cambiamento dei fattori analizzati e porta alla conseguente valutazione dei rischi\/opportunit\u00e0 e al successivo piano di miglioramento.<br \/>Al di l\u00e0 delle specifiche responsabilit\u00e0 definite nei documenti del sistema di gestione integrato (SGI), tutti i lavoratori dell\u2019Azienda sono responsabili del conseguimento degli obiettivi sopra citati. Il CdA si attende dunque che ogni lavoratore ed ogni collaboratore, a qualsiasi livello esso operi, contribuisca concretamente al miglioramento del SGI, segnalandone tempestivamente le disfunzioni e le inefficienze o le opportunit\u00e0 di miglioramento.<br \/>La presente Politica \u00e8 disponibile nella piattaforma digitale SGIS e nel sito www.sauro.net.<\/p>\n<p>Ultima modifica: 25\/02\/2025<\/p>\n<p>[\/et_pb_text][\/et_pb_column][\/et_pb_row][\/et_pb_section]<\/p>\n","protected":false},"excerpt":{"rendered":"<p>&nbsp; Politica Aziendale Sauro Sauro \u00e8 consapevole che il proprio successo dipende anche dalla capacit\u00e0 di mantenere un costante livello di attenzione alle esigenze di tutte le parti interessate e che tale successo possa essere attuato solo rispondendo e, ove possibile, anticipandone i bisogni e le aspettative, con la soddisfazione del cliente, proteggendo l\u2019ambiente, tutelando [&hellip;]<\/p>\n","protected":false},"author":2,"featured_media":0,"parent":0,"menu_order":0,"comment_status":"closed","ping_status":"closed","template":"","meta":{"_et_pb_use_builder":"on","_et_pb_old_content":"","_et_gb_content_width":"","footnotes":""},"class_list":["post-4886","page","type-page","status-publish","hentry"],"yoast_head":"<!-- This site is optimized with the Yoast SEO plugin v27.1.1 - https:\/\/yoast.com\/product\/yoast-seo-wordpress\/ -->\n<title>Politica Aziendale - Sauro S.r.l. \u2013 Connettori e morsettiere per PCB<\/title>\n<meta name=\"description\" content=\"Politica aziendale, Sauro \u00e8 consapevole che il proprio successo dipenda anche dalla capacit\u00e0 di mantenere un costante livello di attenzione\" \/>\n<meta name=\"robots\" content=\"index, follow, max-snippet:-1, max-image-preview:large, max-video-preview:-1\" \/>\n<link rel=\"canonical\" href=\"https:\/\/www.sauro.net\/it\/politica-aziendale\/\" \/>\n<meta property=\"og:locale\" content=\"it_IT\" \/>\n<meta property=\"og:type\" content=\"article\" \/>\n<meta property=\"og:title\" content=\"Politica Aziendale - Sauro S.r.l. \u2013 Connettori e morsettiere per PCB\" \/>\n<meta property=\"og:description\" content=\"Politica aziendale, Sauro \u00e8 consapevole che il proprio successo dipenda anche dalla capacit\u00e0 di mantenere un costante livello di attenzione\" \/>\n<meta property=\"og:url\" content=\"https:\/\/www.sauro.net\/it\/politica-aziendale\/\" \/>\n<meta property=\"og:site_name\" content=\"Sauro S.r.l. \u2013 Connettori e morsettiere per PCB\" \/>\n<meta property=\"article:publisher\" content=\"https:\/\/www.facebook.com\/sauroelectronicconnectors\" \/>\n<meta property=\"article:modified_time\" content=\"2025-04-10T08:51:15+00:00\" \/>\n<meta name=\"twitter:card\" content=\"summary_large_image\" \/>\n<meta name=\"twitter:label1\" content=\"Tempo di lettura stimato\" \/>\n\t<meta name=\"twitter:data1\" content=\"3 minuti\" \/>\n<script type=\"application\/ld+json\" class=\"yoast-schema-graph\">{\"@context\":\"https:\/\/schema.org\",\"@graph\":[{\"@type\":\"WebPage\",\"@id\":\"https:\/\/www.sauro.net\/it\/politica-aziendale\/\",\"url\":\"https:\/\/www.sauro.net\/it\/politica-aziendale\/\",\"name\":\"Politica Aziendale - Sauro S.r.l. \u2013 Connettori e morsettiere per PCB\",\"isPartOf\":{\"@id\":\"https:\/\/www.sauro.net\/#website\"},\"datePublished\":\"2024-12-18T08:48:24+00:00\",\"dateModified\":\"2025-04-10T08:51:15+00:00\",\"description\":\"Politica aziendale, Sauro \u00e8 consapevole che il proprio successo dipenda anche dalla capacit\u00e0 di mantenere un costante livello di attenzione\",\"breadcrumb\":{\"@id\":\"https:\/\/www.sauro.net\/it\/politica-aziendale\/#breadcrumb\"},\"inLanguage\":\"it-IT\",\"potentialAction\":[{\"@type\":\"ReadAction\",\"target\":[\"https:\/\/www.sauro.net\/it\/politica-aziendale\/\"]}]},{\"@type\":\"BreadcrumbList\",\"@id\":\"https:\/\/www.sauro.net\/it\/politica-aziendale\/#breadcrumb\",\"itemListElement\":[{\"@type\":\"ListItem\",\"position\":1,\"name\":\"Home\",\"item\":\"https:\/\/www.sauro.net\/it\/\"},{\"@type\":\"ListItem\",\"position\":2,\"name\":\"Politica Aziendale\"}]},{\"@type\":\"WebSite\",\"@id\":\"https:\/\/www.sauro.net\/#website\",\"url\":\"https:\/\/www.sauro.net\/\",\"name\":\"Sito Web Sauro\",\"description\":\"Connect with confidence, we take care of the rest\",\"publisher\":{\"@id\":\"https:\/\/www.sauro.net\/#organization\"},\"potentialAction\":[{\"@type\":\"SearchAction\",\"target\":{\"@type\":\"EntryPoint\",\"urlTemplate\":\"https:\/\/www.sauro.net\/?s={search_term_string}\"},\"query-input\":{\"@type\":\"PropertyValueSpecification\",\"valueRequired\":true,\"valueName\":\"search_term_string\"}}],\"inLanguage\":\"it-IT\"},{\"@type\":\"Organization\",\"@id\":\"https:\/\/www.sauro.net\/#organization\",\"name\":\"Sito Web Sauro\",\"url\":\"https:\/\/www.sauro.net\/\",\"logo\":{\"@type\":\"ImageObject\",\"inLanguage\":\"it-IT\",\"@id\":\"https:\/\/www.sauro.net\/#\/schema\/logo\/image\/\",\"url\":\"https:\/\/www.sauro.net\/wp-content\/uploads\/2024\/09\/Logo-Sauro_oriz_40_4.png\",\"contentUrl\":\"https:\/\/www.sauro.net\/wp-content\/uploads\/2024\/09\/Logo-Sauro_oriz_40_4.png\",\"width\":132,\"height\":40,\"caption\":\"Sito Web Sauro\"},\"image\":{\"@id\":\"https:\/\/www.sauro.net\/#\/schema\/logo\/image\/\"},\"sameAs\":[\"https:\/\/www.facebook.com\/sauroelectronicconnectors\",\"https:\/\/www.linkedin.com\/company\/saurosrl\/\"]}]}<\/script>\n<!-- \/ Yoast SEO plugin. -->","yoast_head_json":{"title":"Politica Aziendale - Sauro S.r.l. \u2013 Connettori e morsettiere per PCB","description":"Politica aziendale, Sauro \u00e8 consapevole che il proprio successo dipenda anche dalla capacit\u00e0 di mantenere un costante livello di attenzione","robots":{"index":"index","follow":"follow","max-snippet":"max-snippet:-1","max-image-preview":"max-image-preview:large","max-video-preview":"max-video-preview:-1"},"canonical":"https:\/\/www.sauro.net\/it\/politica-aziendale\/","og_locale":"it_IT","og_type":"article","og_title":"Politica Aziendale - Sauro S.r.l. \u2013 Connettori e morsettiere per PCB","og_description":"Politica aziendale, Sauro \u00e8 consapevole che il proprio successo dipenda anche dalla capacit\u00e0 di mantenere un costante livello di attenzione","og_url":"https:\/\/www.sauro.net\/it\/politica-aziendale\/","og_site_name":"Sauro S.r.l. \u2013 Connettori e morsettiere per PCB","article_publisher":"https:\/\/www.facebook.com\/sauroelectronicconnectors","article_modified_time":"2025-04-10T08:51:15+00:00","twitter_card":"summary_large_image","twitter_misc":{"Tempo di lettura stimato":"3 minuti"},"schema":{"@context":"https:\/\/schema.org","@graph":[{"@type":"WebPage","@id":"https:\/\/www.sauro.net\/it\/politica-aziendale\/","url":"https:\/\/www.sauro.net\/it\/politica-aziendale\/","name":"Politica Aziendale - Sauro S.r.l. \u2013 Connettori e morsettiere per PCB","isPartOf":{"@id":"https:\/\/www.sauro.net\/#website"},"datePublished":"2024-12-18T08:48:24+00:00","dateModified":"2025-04-10T08:51:15+00:00","description":"Politica aziendale, Sauro \u00e8 consapevole che il proprio successo dipenda anche dalla capacit\u00e0 di mantenere un costante livello di attenzione","breadcrumb":{"@id":"https:\/\/www.sauro.net\/it\/politica-aziendale\/#breadcrumb"},"inLanguage":"it-IT","potentialAction":[{"@type":"ReadAction","target":["https:\/\/www.sauro.net\/it\/politica-aziendale\/"]}]},{"@type":"BreadcrumbList","@id":"https:\/\/www.sauro.net\/it\/politica-aziendale\/#breadcrumb","itemListElement":[{"@type":"ListItem","position":1,"name":"Home","item":"https:\/\/www.sauro.net\/it\/"},{"@type":"ListItem","position":2,"name":"Politica Aziendale"}]},{"@type":"WebSite","@id":"https:\/\/www.sauro.net\/#website","url":"https:\/\/www.sauro.net\/","name":"Sito Web Sauro","description":"Connect with confidence, we take care of the rest","publisher":{"@id":"https:\/\/www.sauro.net\/#organization"},"potentialAction":[{"@type":"SearchAction","target":{"@type":"EntryPoint","urlTemplate":"https:\/\/www.sauro.net\/?s={search_term_string}"},"query-input":{"@type":"PropertyValueSpecification","valueRequired":true,"valueName":"search_term_string"}}],"inLanguage":"it-IT"},{"@type":"Organization","@id":"https:\/\/www.sauro.net\/#organization","name":"Sito Web Sauro","url":"https:\/\/www.sauro.net\/","logo":{"@type":"ImageObject","inLanguage":"it-IT","@id":"https:\/\/www.sauro.net\/#\/schema\/logo\/image\/","url":"https:\/\/www.sauro.net\/wp-content\/uploads\/2024\/09\/Logo-Sauro_oriz_40_4.png","contentUrl":"https:\/\/www.sauro.net\/wp-content\/uploads\/2024\/09\/Logo-Sauro_oriz_40_4.png","width":132,"height":40,"caption":"Sito Web Sauro"},"image":{"@id":"https:\/\/www.sauro.net\/#\/schema\/logo\/image\/"},"sameAs":["https:\/\/www.facebook.com\/sauroelectronicconnectors","https:\/\/www.linkedin.com\/company\/saurosrl\/"]}]}},"_links":{"self":[{"href":"https:\/\/www.sauro.net\/it\/wp-json\/wp\/v2\/pages\/4886","targetHints":{"allow":["GET"]}}],"collection":[{"href":"https:\/\/www.sauro.net\/it\/wp-json\/wp\/v2\/pages"}],"about":[{"href":"https:\/\/www.sauro.net\/it\/wp-json\/wp\/v2\/types\/page"}],"author":[{"embeddable":true,"href":"https:\/\/www.sauro.net\/it\/wp-json\/wp\/v2\/users\/2"}],"replies":[{"embeddable":true,"href":"https:\/\/www.sauro.net\/it\/wp-json\/wp\/v2\/comments?post=4886"}],"version-history":[{"count":13,"href":"https:\/\/www.sauro.net\/it\/wp-json\/wp\/v2\/pages\/4886\/revisions"}],"predecessor-version":[{"id":5490,"href":"https:\/\/www.sauro.net\/it\/wp-json\/wp\/v2\/pages\/4886\/revisions\/5490"}],"wp:attachment":[{"href":"https:\/\/www.sauro.net\/it\/wp-json\/wp\/v2\/media?parent=4886"}],"curies":[{"name":"wp","href":"https:\/\/api.w.org\/{rel}","templated":true}]}}