{"id":2829,"date":"2024-04-30T12:12:44","date_gmt":"2024-04-30T10:12:44","guid":{"rendered":"https:\/\/www.sauro.net\/codice-di-condotta\/"},"modified":"2025-03-19T16:42:57","modified_gmt":"2025-03-19T15:42:57","slug":"codice-etico","status":"publish","type":"page","link":"https:\/\/www.sauro.net\/it\/codice-etico\/","title":{"rendered":"Codice Etico"},"content":{"rendered":"<p>[et_pb_section fb_built=&#8221;1&#8243; _builder_version=&#8221;4.24.2&#8243; _module_preset=&#8221;default&#8221; background_enable_color=&#8221;off&#8221; background_enable_image=&#8221;off&#8221; background_color_tablet=&#8221;RGBA(255,255,255,0)&#8221; background_color_phone=&#8221;RGBA(255,255,255,0)&#8221; background_last_edited=&#8221;on|desktop&#8221; background_enable_color_tablet=&#8221;on&#8221; background_enable_color_phone=&#8221;on&#8221; background_blend_tablet=&#8221;multiply&#8221; da_disable_devices=&#8221;off|off|off&#8221; global_colors_info=&#8221;{}&#8221; da_is_popup=&#8221;off&#8221; da_exit_intent=&#8221;off&#8221; da_has_close=&#8221;on&#8221; da_alt_close=&#8221;off&#8221; da_dark_close=&#8221;off&#8221; da_not_modal=&#8221;on&#8221; da_is_singular=&#8221;off&#8221; da_with_loader=&#8221;off&#8221; da_has_shadow=&#8221;on&#8221;][et_pb_row custom_padding_last_edited=&#8221;off|desktop&#8221; _builder_version=&#8221;4.24.2&#8243; _module_preset=&#8221;default&#8221; background_enable_video_mp4=&#8221;off&#8221; min_height=&#8221;408px&#8221; min_height_tablet=&#8221;300px&#8221; min_height_phone=&#8221;300px&#8221; min_height_last_edited=&#8221;on|desktop&#8221; custom_margin_tablet=&#8221;-78px||-109px||false|false&#8221; custom_margin_phone=&#8221;-72px||-131px||false|false&#8221; custom_margin_last_edited=&#8221;on|phone&#8221; custom_padding=&#8221;0px||0px||true|false&#8221; custom_padding_tablet=&#8221;120px|0px|120px||false|false&#8221; custom_padding_phone=&#8221;70px|0px|70px||false|false&#8221; module_alignment_tablet=&#8221;&#8221; module_alignment_phone=&#8221;&#8221; module_alignment_last_edited=&#8221;on|desktop&#8221; global_colors_info=&#8221;{}&#8221;][et_pb_column type=&#8221;4_4&#8243; _builder_version=&#8221;4.24.2&#8243; _module_preset=&#8221;default&#8221; global_colors_info=&#8221;{}&#8221;][et_pb_video src=&#8221;https:\/\/www.sauro.net\/wp-content\/uploads\/2024\/10\/Sauro_etica_web_it_5.mp4&#8243; image_src=&#8221;https:\/\/www.sauro.net\/wp-content\/uploads\/2024\/10\/Sauro_etica_web_ita_2.jpg&#8221; _builder_version=&#8221;4.24.2&#8243; _module_preset=&#8221;default&#8221; custom_margin=&#8221;-13px||||false|false&#8221; custom_margin_tablet=&#8221;1px||||false|false&#8221; custom_margin_phone=&#8221;55px||||false|false&#8221; custom_margin_last_edited=&#8221;on|phone&#8221; custom_padding=&#8221;||||false|false&#8221; hover_enabled=&#8221;0&#8243; global_colors_info=&#8221;{}&#8221; title_text=&#8221;Sauro_etica_web_it_5&#8243; sticky_enabled=&#8221;0&#8243;][\/et_pb_video][\/et_pb_column][\/et_pb_row][\/et_pb_section][et_pb_section fb_built=&#8221;1&#8243; _builder_version=&#8221;4.24.2&#8243; _module_preset=&#8221;default&#8221; da_disable_devices=&#8221;off|off|off&#8221; global_colors_info=&#8221;{}&#8221; da_is_popup=&#8221;off&#8221; da_exit_intent=&#8221;off&#8221; da_has_close=&#8221;on&#8221; da_alt_close=&#8221;off&#8221; da_dark_close=&#8221;off&#8221; da_not_modal=&#8221;on&#8221; da_is_singular=&#8221;off&#8221; da_with_loader=&#8221;off&#8221; da_has_shadow=&#8221;on&#8221;][et_pb_row custom_padding_last_edited=&#8221;on|tablet&#8221; _builder_version=&#8221;4.24.2&#8243; _module_preset=&#8221;default&#8221; custom_margin=&#8221;||||false|false&#8221; custom_padding=&#8221;25px||34px||false|false&#8221; custom_padding_tablet=&#8221;0px||0px||false|false&#8221; custom_padding_phone=&#8221;0px||0px||false|false&#8221; global_colors_info=&#8221;{}&#8221;][et_pb_column type=&#8221;4_4&#8243; _builder_version=&#8221;4.24.2&#8243; _module_preset=&#8221;default&#8221; global_colors_info=&#8221;{}&#8221;][et_pb_text _builder_version=&#8221;4.24.2&#8243; _module_preset=&#8221;default&#8221; text_font=&#8221;|700|||||||&#8221; text_text_color=&#8221;gcid-fcddb212-308b-4437-a88e-afcebfff4b28&#8243; text_font_size=&#8221;25px&#8221; header_font=&#8221;|700|||||||&#8221; header_font_size=&#8221;35px&#8221; header_3_font=&#8221;|600|||||||&#8221; header_3_font_size=&#8221;23px&#8221; custom_margin=&#8221;10px||23px||false|false&#8221; custom_padding=&#8221;|28px||28px|false|false&#8221; global_colors_info=&#8221;{%22gcid-fcddb212-308b-4437-a88e-afcebfff4b28%22:%91%22text_text_color%22%93}&#8221;]<\/p>\n<p>Codice Etico<\/p>\n<p>[\/et_pb_text][et_pb_text _builder_version=&#8221;4.24.2&#8243; _module_preset=&#8221;default&#8221; text_font=&#8221;|700|||||||&#8221; text_text_color=&#8221;#000000&#8243; text_font_size=&#8221;20px&#8221; text_line_height=&#8221;1.4em&#8221; header_font=&#8221;|700|||||||&#8221; header_text_color=&#8221;#000000&#8243; header_font_size=&#8221;20px&#8221; header_line_height=&#8221;1.8em&#8221; header_3_font=&#8221;||||||||&#8221; header_3_font_size=&#8221;15px&#8221; header_3_line_height=&#8221;1.3em&#8221; custom_padding=&#8221;|28px||28px|false|false&#8221; global_colors_info=&#8221;{}&#8221;]<\/p>\n<h3>Onest\u00e0, trasparenza, innovazione, rispetto, responsabilit\u00e0 sociale e ambientale sono le fondamenta su cui SAURO ha costruito la propria identit\u00e0 e cultura aziendale e sono i valori su cui si basa il rapporto professionale di fiducia tra l\u2019azienda e i suoi fornitori e clienti.\u00a0<br \/>\nPer definire con chiarezza l\u2019insieme dei principi guida in cui l\u2019azienda si riconosce e che condivide, SAURO ha adottato un Codice Etico, che si applica ad ogni dipendente, collaboratore e consulente esterno che opera in nome o per l\u2019Azienda. Questo codice rappresenta un faro per mantenere l\u2019integrit\u00e0 e i valori dell\u2019organizzazione, promuovendo una cultura aziendale positiva.<br \/>\nIn accordo con le linee guida internazionali, nel Codice Etico aziendale sono stati definiti i principi che devono guidare le azioni di tutti i destinatari del codice stesso. Le aree chiave trattate includono la responsabilit\u00e0 sociale, la centralit\u00e0 della persona, la tutela del lavoro, il rispetto delle leggi, codici e regolamenti vigenti, la responsabilit\u00e0 ambientale e lotta alla corruzione.<br \/>\nTramite il seguente link \u00e8 possibile scaricare il documento ufficiale del Codice Etico di SAURO.<\/h3>\n<p>[\/et_pb_text][et_pb_button button_url=&#8221;https:\/\/www.sauro.net\/sauro_upload\/dwn\/pubdoc\/codice_etico_sauro_it.pdf&#8221; url_new_window=&#8221;on&#8221; button_text=&#8221;Download&#8221; _builder_version=&#8221;4.24.2&#8243; _module_preset=&#8221;default&#8221; custom_button=&#8221;on&#8221; button_text_color=&#8221;#FFFFFF&#8221; button_bg_color=&#8221;gcid-fcddb212-308b-4437-a88e-afcebfff4b28&#8243; button_border_width=&#8221;0px&#8221; button_border_radius=&#8221;0px&#8221; button_font=&#8221;|300|||||||&#8221; button_use_icon=&#8221;off&#8221; background_layout=&#8221;dark&#8221; custom_margin=&#8221;|||28px|false|false&#8221; custom_margin_tablet=&#8221;|||28px|false|false&#8221; custom_margin_phone=&#8221;|||28px|false|false&#8221; custom_margin_last_edited=&#8221;on|desktop&#8221; global_colors_info=&#8221;{%22gcid-fcddb212-308b-4437-a88e-afcebfff4b28%22:%91%22button_bg_color%22%93}&#8221;][\/et_pb_button][\/et_pb_column][\/et_pb_row][\/et_pb_section]<\/p>\n","protected":false},"excerpt":{"rendered":"<p>Codice EticoOnest\u00e0, trasparenza, innovazione, rispetto, responsabilit\u00e0 sociale e ambientale sono le fondamenta su cui SAURO ha costruito la propria identit\u00e0 e cultura aziendale e sono i valori su cui si basa il rapporto professionale di fiducia tra l\u2019azienda e i suoi fornitori e clienti.\u00a0 Per definire con chiarezza l\u2019insieme dei principi guida in cui l\u2019azienda [&hellip;]<\/p>\n","protected":false},"author":2,"featured_media":0,"parent":0,"menu_order":0,"comment_status":"closed","ping_status":"closed","template":"","meta":{"_et_pb_use_builder":"on","_et_pb_old_content":"","_et_gb_content_width":"","footnotes":""},"class_list":["post-2829","page","type-page","status-publish","hentry"],"yoast_head":"<!-- This site is optimized with the Yoast SEO plugin v27.1.1 - https:\/\/yoast.com\/product\/yoast-seo-wordpress\/ -->\n<title>Codice Etico - Sauro S.r.l. \u2013 Connettori e morsettiere per PCB<\/title>\n<meta name=\"description\" content=\"Onest\u00e0 trasparenza innovazione rispetto, responsabilit\u00e0 sociale e ambientale sono le fondamenta su cui SAURO ha costruito la propria identit\u00e0\" \/>\n<meta name=\"robots\" content=\"index, follow, max-snippet:-1, max-image-preview:large, max-video-preview:-1\" \/>\n<link rel=\"canonical\" href=\"https:\/\/www.sauro.net\/it\/codice-etico\/\" \/>\n<meta property=\"og:locale\" content=\"it_IT\" \/>\n<meta property=\"og:type\" content=\"article\" \/>\n<meta property=\"og:title\" content=\"Codice Etico - Sauro S.r.l. \u2013 Connettori e morsettiere per PCB\" \/>\n<meta property=\"og:description\" content=\"Onest\u00e0 trasparenza innovazione rispetto, responsabilit\u00e0 sociale e ambientale sono le fondamenta su cui SAURO ha costruito la propria identit\u00e0\" \/>\n<meta property=\"og:url\" content=\"https:\/\/www.sauro.net\/it\/codice-etico\/\" \/>\n<meta property=\"og:site_name\" content=\"Sauro S.r.l. \u2013 Connettori e morsettiere per PCB\" \/>\n<meta property=\"article:publisher\" content=\"https:\/\/www.facebook.com\/sauroelectronicconnectors\" \/>\n<meta property=\"article:modified_time\" content=\"2025-03-19T15:42:57+00:00\" \/>\n<meta name=\"twitter:card\" content=\"summary_large_image\" \/>\n<meta name=\"twitter:label1\" content=\"Tempo di lettura stimato\" \/>\n\t<meta name=\"twitter:data1\" content=\"1 minuto\" \/>\n<script type=\"application\/ld+json\" class=\"yoast-schema-graph\">{\"@context\":\"https:\/\/schema.org\",\"@graph\":[{\"@type\":\"WebPage\",\"@id\":\"https:\/\/www.sauro.net\/it\/codice-etico\/\",\"url\":\"https:\/\/www.sauro.net\/it\/codice-etico\/\",\"name\":\"Codice Etico - Sauro S.r.l. \u2013 Connettori e morsettiere per PCB\",\"isPartOf\":{\"@id\":\"https:\/\/www.sauro.net\/#website\"},\"datePublished\":\"2024-04-30T10:12:44+00:00\",\"dateModified\":\"2025-03-19T15:42:57+00:00\",\"description\":\"Onest\u00e0 trasparenza innovazione rispetto, responsabilit\u00e0 sociale e ambientale sono le fondamenta su cui SAURO ha costruito la propria identit\u00e0\",\"breadcrumb\":{\"@id\":\"https:\/\/www.sauro.net\/it\/codice-etico\/#breadcrumb\"},\"inLanguage\":\"it-IT\",\"potentialAction\":[{\"@type\":\"ReadAction\",\"target\":[\"https:\/\/www.sauro.net\/it\/codice-etico\/\"]}]},{\"@type\":\"BreadcrumbList\",\"@id\":\"https:\/\/www.sauro.net\/it\/codice-etico\/#breadcrumb\",\"itemListElement\":[{\"@type\":\"ListItem\",\"position\":1,\"name\":\"Home\",\"item\":\"https:\/\/www.sauro.net\/it\/\"},{\"@type\":\"ListItem\",\"position\":2,\"name\":\"Codice Etico\"}]},{\"@type\":\"WebSite\",\"@id\":\"https:\/\/www.sauro.net\/#website\",\"url\":\"https:\/\/www.sauro.net\/\",\"name\":\"Sito Web Sauro\",\"description\":\"Connect with confidence, we take care of the rest\",\"publisher\":{\"@id\":\"https:\/\/www.sauro.net\/#organization\"},\"potentialAction\":[{\"@type\":\"SearchAction\",\"target\":{\"@type\":\"EntryPoint\",\"urlTemplate\":\"https:\/\/www.sauro.net\/?s={search_term_string}\"},\"query-input\":{\"@type\":\"PropertyValueSpecification\",\"valueRequired\":true,\"valueName\":\"search_term_string\"}}],\"inLanguage\":\"it-IT\"},{\"@type\":\"Organization\",\"@id\":\"https:\/\/www.sauro.net\/#organization\",\"name\":\"Sito Web Sauro\",\"url\":\"https:\/\/www.sauro.net\/\",\"logo\":{\"@type\":\"ImageObject\",\"inLanguage\":\"it-IT\",\"@id\":\"https:\/\/www.sauro.net\/#\/schema\/logo\/image\/\",\"url\":\"https:\/\/www.sauro.net\/wp-content\/uploads\/2024\/09\/Logo-Sauro_oriz_40_4.png\",\"contentUrl\":\"https:\/\/www.sauro.net\/wp-content\/uploads\/2024\/09\/Logo-Sauro_oriz_40_4.png\",\"width\":132,\"height\":40,\"caption\":\"Sito Web Sauro\"},\"image\":{\"@id\":\"https:\/\/www.sauro.net\/#\/schema\/logo\/image\/\"},\"sameAs\":[\"https:\/\/www.facebook.com\/sauroelectronicconnectors\",\"https:\/\/www.linkedin.com\/company\/saurosrl\/\"]}]}<\/script>\n<!-- \/ Yoast SEO plugin. -->","yoast_head_json":{"title":"Codice Etico - Sauro S.r.l. \u2013 Connettori e morsettiere per PCB","description":"Onest\u00e0 trasparenza innovazione rispetto, responsabilit\u00e0 sociale e ambientale sono le fondamenta su cui SAURO ha costruito la propria identit\u00e0","robots":{"index":"index","follow":"follow","max-snippet":"max-snippet:-1","max-image-preview":"max-image-preview:large","max-video-preview":"max-video-preview:-1"},"canonical":"https:\/\/www.sauro.net\/it\/codice-etico\/","og_locale":"it_IT","og_type":"article","og_title":"Codice Etico - Sauro S.r.l. \u2013 Connettori e morsettiere per PCB","og_description":"Onest\u00e0 trasparenza innovazione rispetto, responsabilit\u00e0 sociale e ambientale sono le fondamenta su cui SAURO ha costruito la propria identit\u00e0","og_url":"https:\/\/www.sauro.net\/it\/codice-etico\/","og_site_name":"Sauro S.r.l. \u2013 Connettori e morsettiere per PCB","article_publisher":"https:\/\/www.facebook.com\/sauroelectronicconnectors","article_modified_time":"2025-03-19T15:42:57+00:00","twitter_card":"summary_large_image","twitter_misc":{"Tempo di lettura stimato":"1 minuto"},"schema":{"@context":"https:\/\/schema.org","@graph":[{"@type":"WebPage","@id":"https:\/\/www.sauro.net\/it\/codice-etico\/","url":"https:\/\/www.sauro.net\/it\/codice-etico\/","name":"Codice Etico - Sauro S.r.l. \u2013 Connettori e morsettiere per PCB","isPartOf":{"@id":"https:\/\/www.sauro.net\/#website"},"datePublished":"2024-04-30T10:12:44+00:00","dateModified":"2025-03-19T15:42:57+00:00","description":"Onest\u00e0 trasparenza innovazione rispetto, responsabilit\u00e0 sociale e ambientale sono le fondamenta su cui SAURO ha costruito la propria identit\u00e0","breadcrumb":{"@id":"https:\/\/www.sauro.net\/it\/codice-etico\/#breadcrumb"},"inLanguage":"it-IT","potentialAction":[{"@type":"ReadAction","target":["https:\/\/www.sauro.net\/it\/codice-etico\/"]}]},{"@type":"BreadcrumbList","@id":"https:\/\/www.sauro.net\/it\/codice-etico\/#breadcrumb","itemListElement":[{"@type":"ListItem","position":1,"name":"Home","item":"https:\/\/www.sauro.net\/it\/"},{"@type":"ListItem","position":2,"name":"Codice Etico"}]},{"@type":"WebSite","@id":"https:\/\/www.sauro.net\/#website","url":"https:\/\/www.sauro.net\/","name":"Sito Web Sauro","description":"Connect with confidence, we take care of the rest","publisher":{"@id":"https:\/\/www.sauro.net\/#organization"},"potentialAction":[{"@type":"SearchAction","target":{"@type":"EntryPoint","urlTemplate":"https:\/\/www.sauro.net\/?s={search_term_string}"},"query-input":{"@type":"PropertyValueSpecification","valueRequired":true,"valueName":"search_term_string"}}],"inLanguage":"it-IT"},{"@type":"Organization","@id":"https:\/\/www.sauro.net\/#organization","name":"Sito Web Sauro","url":"https:\/\/www.sauro.net\/","logo":{"@type":"ImageObject","inLanguage":"it-IT","@id":"https:\/\/www.sauro.net\/#\/schema\/logo\/image\/","url":"https:\/\/www.sauro.net\/wp-content\/uploads\/2024\/09\/Logo-Sauro_oriz_40_4.png","contentUrl":"https:\/\/www.sauro.net\/wp-content\/uploads\/2024\/09\/Logo-Sauro_oriz_40_4.png","width":132,"height":40,"caption":"Sito Web Sauro"},"image":{"@id":"https:\/\/www.sauro.net\/#\/schema\/logo\/image\/"},"sameAs":["https:\/\/www.facebook.com\/sauroelectronicconnectors","https:\/\/www.linkedin.com\/company\/saurosrl\/"]}]}},"_links":{"self":[{"href":"https:\/\/www.sauro.net\/it\/wp-json\/wp\/v2\/pages\/2829","targetHints":{"allow":["GET"]}}],"collection":[{"href":"https:\/\/www.sauro.net\/it\/wp-json\/wp\/v2\/pages"}],"about":[{"href":"https:\/\/www.sauro.net\/it\/wp-json\/wp\/v2\/types\/page"}],"author":[{"embeddable":true,"href":"https:\/\/www.sauro.net\/it\/wp-json\/wp\/v2\/users\/2"}],"replies":[{"embeddable":true,"href":"https:\/\/www.sauro.net\/it\/wp-json\/wp\/v2\/comments?post=2829"}],"version-history":[{"count":12,"href":"https:\/\/www.sauro.net\/it\/wp-json\/wp\/v2\/pages\/2829\/revisions"}],"predecessor-version":[{"id":5185,"href":"https:\/\/www.sauro.net\/it\/wp-json\/wp\/v2\/pages\/2829\/revisions\/5185"}],"wp:attachment":[{"href":"https:\/\/www.sauro.net\/it\/wp-json\/wp\/v2\/media?parent=2829"}],"curies":[{"name":"wp","href":"https:\/\/api.w.org\/{rel}","templated":true}]}}