{"id":2569,"date":"2024-05-02T14:11:31","date_gmt":"2024-05-02T12:11:31","guid":{"rendered":"https:\/\/www.sauro.net\/informazioni-ambientali\/"},"modified":"2025-05-13T10:21:40","modified_gmt":"2025-05-13T08:21:40","slug":"sostenibilita","status":"publish","type":"page","link":"https:\/\/www.sauro.net\/it\/sostenibilita\/","title":{"rendered":"Sostenibilit\u00e0"},"content":{"rendered":"<p>[et_pb_section fb_built=&#8221;1&#8243; _builder_version=&#8221;4.24.2&#8243; _module_preset=&#8221;default&#8221; background_enable_color=&#8221;off&#8221; background_enable_image=&#8221;off&#8221; background_color_tablet=&#8221;RGBA(255,255,255,0)&#8221; background_color_phone=&#8221;RGBA(255,255,255,0)&#8221; background_last_edited=&#8221;on|desktop&#8221; background_enable_color_tablet=&#8221;on&#8221; background_enable_color_phone=&#8221;on&#8221; background_blend_tablet=&#8221;multiply&#8221; da_disable_devices=&#8221;off|off|off&#8221; global_colors_info=&#8221;{}&#8221; da_is_popup=&#8221;off&#8221; da_exit_intent=&#8221;off&#8221; da_has_close=&#8221;on&#8221; da_alt_close=&#8221;off&#8221; da_dark_close=&#8221;off&#8221; da_not_modal=&#8221;on&#8221; da_is_singular=&#8221;off&#8221; da_with_loader=&#8221;off&#8221; da_has_shadow=&#8221;on&#8221;][et_pb_row custom_padding_last_edited=&#8221;off|desktop&#8221; _builder_version=&#8221;4.24.2&#8243; _module_preset=&#8221;default&#8221; min_height=&#8221;408px&#8221; min_height_tablet=&#8221;300px&#8221; min_height_phone=&#8221;300px&#8221; min_height_last_edited=&#8221;on|desktop&#8221; custom_margin_tablet=&#8221;||-137px||false|false&#8221; custom_margin_phone=&#8221;||-243px||false|false&#8221; custom_margin_last_edited=&#8221;on|phone&#8221; custom_padding=&#8221;||||true|false&#8221; custom_padding_tablet=&#8221;120px|0px|120px||false|false&#8221; custom_padding_phone=&#8221;70px|0px|70px||false|false&#8221; module_alignment_tablet=&#8221;&#8221; module_alignment_phone=&#8221;&#8221; module_alignment_last_edited=&#8221;on|desktop&#8221; global_colors_info=&#8221;{}&#8221;][et_pb_column type=&#8221;4_4&#8243; _builder_version=&#8221;4.24.2&#8243; _module_preset=&#8221;default&#8221; global_colors_info=&#8221;{}&#8221;][et_pb_video src=&#8221;https:\/\/www.sauro.net\/wp-content\/uploads\/2024\/12\/Video_sostenibilita_it_2024.mp4&#8243; image_src=&#8221;https:\/\/www.sauro.net\/wp-content\/uploads\/2024\/11\/pagina-sostenibilita.jpg&#8221; font_icon=&#8221;&#x3d;||divi||400&#8243; use_icon_font_size=&#8221;on&#8221; _builder_version=&#8221;4.24.2&#8243; _module_preset=&#8221;default&#8221; custom_margin=&#8221;-15px||||false|false&#8221; custom_margin_tablet=&#8221;-81px||||false|false&#8221; custom_margin_phone=&#8221;-55px||||false|false&#8221; custom_margin_last_edited=&#8221;on|phone&#8221; global_colors_info=&#8221;{}&#8221;][\/et_pb_video][\/et_pb_column][\/et_pb_row][\/et_pb_section][et_pb_section fb_built=&#8221;1&#8243; custom_padding_last_edited=&#8221;on|desktop&#8221; _builder_version=&#8221;4.24.2&#8243; _module_preset=&#8221;default&#8221; custom_margin_tablet=&#8221;||||false|false&#8221; custom_margin_phone=&#8221;||||false|false&#8221; custom_margin_last_edited=&#8221;on|phone&#8221; custom_padding_tablet=&#8221;25px||||false|false&#8221; custom_padding_phone=&#8221;25px||||false|false&#8221; da_disable_devices=&#8221;off|off|off&#8221; global_colors_info=&#8221;{}&#8221; da_is_popup=&#8221;off&#8221; da_exit_intent=&#8221;off&#8221; da_has_close=&#8221;on&#8221; da_alt_close=&#8221;off&#8221; da_dark_close=&#8221;off&#8221; da_not_modal=&#8221;on&#8221; da_is_singular=&#8221;off&#8221; da_with_loader=&#8221;off&#8221; da_has_shadow=&#8221;on&#8221;][et_pb_row custom_padding_last_edited=&#8221;on|phone&#8221; _builder_version=&#8221;4.24.2&#8243; _module_preset=&#8221;default&#8221; custom_padding=&#8221;25px||25px||false|false&#8221; custom_padding_tablet=&#8221;0px||0px||false|false&#8221; custom_padding_phone=&#8221;0px||0px||false|false&#8221; locked=&#8221;off&#8221; global_colors_info=&#8221;{}&#8221;][et_pb_column type=&#8221;4_4&#8243; _builder_version=&#8221;4.24.2&#8243; _module_preset=&#8221;default&#8221; global_colors_info=&#8221;{}&#8221;][et_pb_text _builder_version=&#8221;4.24.2&#8243; _module_preset=&#8221;default&#8221; text_font=&#8221;|700|||||||&#8221; text_text_color=&#8221;gcid-fcddb212-308b-4437-a88e-afcebfff4b28&#8243; text_font_size=&#8221;25px&#8221; header_font=&#8221;|700|||||||&#8221; header_font_size=&#8221;25px&#8221; header_3_font=&#8221;|600|||||||&#8221; header_3_font_size=&#8221;23px&#8221; custom_margin=&#8221;10px||23px||false|false&#8221; custom_padding=&#8221;|28px||28px|false|false&#8221; hover_enabled=&#8221;0&#8243; global_colors_info=&#8221;{%22gcid-fcddb212-308b-4437-a88e-afcebfff4b28%22:%91%22text_text_color%22%93}&#8221; header_text_color=&#8221;#0C71C3&#8243; sticky_enabled=&#8221;0&#8243;]<\/p>\n<h1>Sostenibilit\u00e0 aziendale<\/h1>\n<p>[\/et_pb_text][et_pb_text _builder_version=&#8221;4.24.2&#8243; _module_preset=&#8221;default&#8221; text_font=&#8221;|700|||||||&#8221; text_text_color=&#8221;#000000&#8243; text_font_size=&#8221;20px&#8221; text_line_height=&#8221;1.4em&#8221; header_font=&#8221;|700|||||||&#8221; header_text_color=&#8221;#000000&#8243; header_font_size=&#8221;20px&#8221; header_line_height=&#8221;1.8em&#8221; header_3_font=&#8221;||||||||&#8221; header_3_font_size=&#8221;15px&#8221; header_3_line_height=&#8221;1.3em&#8221; custom_padding=&#8221;|28px||28px|false|false&#8221; global_colors_info=&#8221;{}&#8221;]<\/p>\n<h3>La sostenibilit\u00e0 \u00e8 al cuore delle nostre attivit\u00e0 aziendali. Ogni giorno lavoriamo per ridurre l&#8217;impatto ambientale, adottando pratiche produttive eco-efficienti e promuovendo il benessere delle persone e del pianeta. Attraverso l\u2019innovazione, il senso di responsabilit\u00e0 condiviso e la stretta collaborazione con i nostri partner, ci impegniamo a creare un futuro pi\u00f9 verde creando valore per la societ\u00e0 e preservando le risorse per le generazioni a venire.<\/h3>\n<p>[\/et_pb_text][\/et_pb_column][\/et_pb_row][et_pb_row _builder_version=&#8221;4.24.2&#8243; _module_preset=&#8221;default&#8221; custom_margin=&#8221;||23px||false|false&#8221; custom_margin_tablet=&#8221;||-47px||false|false&#8221; custom_margin_phone=&#8221;||-60px||false|false&#8221; custom_margin_last_edited=&#8221;on|phone&#8221; global_colors_info=&#8221;{}&#8221;][et_pb_column type=&#8221;4_4&#8243; _builder_version=&#8221;4.24.2&#8243; _module_preset=&#8221;default&#8221; custom_css_main_element=&#8221;display:flex;||column-gap: 10px;&#8221; global_colors_info=&#8221;{}&#8221; custom_css_main_element_last_edited=&#8221;on|phone&#8221; custom_css_main_element_tablet=&#8221;display:flex;||column-gap: 10px;&#8221; custom_css_main_element_phone=&#8221;display:flex;||column-gap: 10px;&#8221;][et_pb_button button_url=&#8221;https:\/\/www.sauro.net\/sauro_upload\/dwn\/pubdoc\/Sostenibilita_Sauro_ita.pdf&#8221; url_new_window=&#8221;on&#8221; button_text=&#8221;Brochure&#8221; _builder_version=&#8221;4.24.2&#8243; _module_preset=&#8221;default&#8221; custom_button=&#8221;on&#8221; button_text_color=&#8221;#FFFFFF&#8221; button_bg_color=&#8221;gcid-fcddb212-308b-4437-a88e-afcebfff4b28&#8243; button_border_width=&#8221;0px&#8221; button_border_radius=&#8221;0px&#8221; button_use_icon=&#8221;off&#8221; custom_margin=&#8221;|||28px|false|false&#8221; global_colors_info=&#8221;{%22gcid-fcddb212-308b-4437-a88e-afcebfff4b28%22:%91%22button_bg_color%22%93}&#8221;][\/et_pb_button][et_pb_button button_url=&#8221;https:\/\/www.sauro.net\/sauro_upload\/dwn\/pubdoc\/Recycling_code_SAURO.pdf&#8221; url_new_window=&#8221;on&#8221; button_text=&#8221;Guida&#8221; _builder_version=&#8221;4.24.2&#8243; _module_preset=&#8221;default&#8221; custom_button=&#8221;on&#8221; button_text_color=&#8221;#FFFFFF&#8221; button_bg_color=&#8221;gcid-fcddb212-308b-4437-a88e-afcebfff4b28&#8243; button_border_width=&#8221;0px&#8221; button_border_radius=&#8221;0px&#8221; button_use_icon=&#8221;off&#8221; global_colors_info=&#8221;{%22gcid-fcddb212-308b-4437-a88e-afcebfff4b28%22:%91%22button_bg_color%22%93}&#8221;][\/et_pb_button][\/et_pb_column][\/et_pb_row][\/et_pb_section]<\/p>\n","protected":false},"excerpt":{"rendered":"<p>Sostenibilit\u00e0 aziendaleLa sostenibilit\u00e0 \u00e8 al cuore delle nostre attivit\u00e0 aziendali. Ogni giorno lavoriamo per ridurre l&#8217;impatto ambientale, adottando pratiche produttive eco-efficienti e promuovendo il benessere delle persone e del pianeta. Attraverso l\u2019innovazione, il senso di responsabilit\u00e0 condiviso e la stretta collaborazione con i nostri partner, ci impegniamo a creare un futuro pi\u00f9 verde creando valore [&hellip;]<\/p>\n","protected":false},"author":2,"featured_media":0,"parent":0,"menu_order":0,"comment_status":"closed","ping_status":"closed","template":"","meta":{"_et_pb_use_builder":"on","_et_pb_old_content":"","_et_gb_content_width":"","footnotes":""},"class_list":["post-2569","page","type-page","status-publish","hentry"],"yoast_head":"<!-- This site is optimized with the Yoast SEO plugin v27.1.1 - https:\/\/yoast.com\/product\/yoast-seo-wordpress\/ -->\n<title>Sostenibilit\u00e0 - Sauro S.r.l. \u2013 Connettori e morsettiere per PCB<\/title>\n<meta name=\"description\" content=\"Sostenibilit\u00e0 aziendale, ogni giorno lavoriamo per ridurre l\u2019impatto ambientale adottando pratiche produttive eco efficienti\" \/>\n<meta name=\"robots\" content=\"index, follow, max-snippet:-1, max-image-preview:large, max-video-preview:-1\" \/>\n<link rel=\"canonical\" href=\"https:\/\/www.sauro.net\/it\/sostenibilita\/\" \/>\n<meta property=\"og:locale\" content=\"it_IT\" \/>\n<meta property=\"og:type\" content=\"article\" \/>\n<meta property=\"og:title\" content=\"Sostenibilit\u00e0 - Sauro S.r.l. \u2013 Connettori e morsettiere per PCB\" \/>\n<meta property=\"og:description\" content=\"Sostenibilit\u00e0 aziendale, ogni giorno lavoriamo per ridurre l\u2019impatto ambientale adottando pratiche produttive eco efficienti\" \/>\n<meta property=\"og:url\" content=\"https:\/\/www.sauro.net\/it\/sostenibilita\/\" \/>\n<meta property=\"og:site_name\" content=\"Sauro S.r.l. \u2013 Connettori e morsettiere per PCB\" \/>\n<meta property=\"article:publisher\" content=\"https:\/\/www.facebook.com\/sauroelectronicconnectors\" \/>\n<meta property=\"article:modified_time\" content=\"2025-05-13T08:21:40+00:00\" \/>\n<meta name=\"twitter:card\" content=\"summary_large_image\" \/>\n<meta name=\"twitter:label1\" content=\"Tempo di lettura stimato\" \/>\n\t<meta name=\"twitter:data1\" content=\"1 minuto\" \/>\n<script type=\"application\/ld+json\" class=\"yoast-schema-graph\">{\"@context\":\"https:\/\/schema.org\",\"@graph\":[{\"@type\":\"WebPage\",\"@id\":\"https:\/\/www.sauro.net\/it\/sostenibilita\/\",\"url\":\"https:\/\/www.sauro.net\/it\/sostenibilita\/\",\"name\":\"Sostenibilit\u00e0 - Sauro S.r.l. \u2013 Connettori e morsettiere per PCB\",\"isPartOf\":{\"@id\":\"https:\/\/www.sauro.net\/#website\"},\"datePublished\":\"2024-05-02T12:11:31+00:00\",\"dateModified\":\"2025-05-13T08:21:40+00:00\",\"description\":\"Sostenibilit\u00e0 aziendale, ogni giorno lavoriamo per ridurre l\u2019impatto ambientale adottando pratiche produttive eco efficienti\",\"breadcrumb\":{\"@id\":\"https:\/\/www.sauro.net\/it\/sostenibilita\/#breadcrumb\"},\"inLanguage\":\"it-IT\",\"potentialAction\":[{\"@type\":\"ReadAction\",\"target\":[\"https:\/\/www.sauro.net\/it\/sostenibilita\/\"]}]},{\"@type\":\"BreadcrumbList\",\"@id\":\"https:\/\/www.sauro.net\/it\/sostenibilita\/#breadcrumb\",\"itemListElement\":[{\"@type\":\"ListItem\",\"position\":1,\"name\":\"Home\",\"item\":\"https:\/\/www.sauro.net\/it\/\"},{\"@type\":\"ListItem\",\"position\":2,\"name\":\"Sostenibilit\u00e0\"}]},{\"@type\":\"WebSite\",\"@id\":\"https:\/\/www.sauro.net\/#website\",\"url\":\"https:\/\/www.sauro.net\/\",\"name\":\"Sito Web Sauro\",\"description\":\"Connect with confidence, we take care of the rest\",\"publisher\":{\"@id\":\"https:\/\/www.sauro.net\/#organization\"},\"potentialAction\":[{\"@type\":\"SearchAction\",\"target\":{\"@type\":\"EntryPoint\",\"urlTemplate\":\"https:\/\/www.sauro.net\/?s={search_term_string}\"},\"query-input\":{\"@type\":\"PropertyValueSpecification\",\"valueRequired\":true,\"valueName\":\"search_term_string\"}}],\"inLanguage\":\"it-IT\"},{\"@type\":\"Organization\",\"@id\":\"https:\/\/www.sauro.net\/#organization\",\"name\":\"Sito Web Sauro\",\"url\":\"https:\/\/www.sauro.net\/\",\"logo\":{\"@type\":\"ImageObject\",\"inLanguage\":\"it-IT\",\"@id\":\"https:\/\/www.sauro.net\/#\/schema\/logo\/image\/\",\"url\":\"https:\/\/www.sauro.net\/wp-content\/uploads\/2024\/09\/Logo-Sauro_oriz_40_4.png\",\"contentUrl\":\"https:\/\/www.sauro.net\/wp-content\/uploads\/2024\/09\/Logo-Sauro_oriz_40_4.png\",\"width\":132,\"height\":40,\"caption\":\"Sito Web Sauro\"},\"image\":{\"@id\":\"https:\/\/www.sauro.net\/#\/schema\/logo\/image\/\"},\"sameAs\":[\"https:\/\/www.facebook.com\/sauroelectronicconnectors\",\"https:\/\/www.linkedin.com\/company\/saurosrl\/\"]}]}<\/script>\n<!-- \/ Yoast SEO plugin. -->","yoast_head_json":{"title":"Sostenibilit\u00e0 - Sauro S.r.l. \u2013 Connettori e morsettiere per PCB","description":"Sostenibilit\u00e0 aziendale, ogni giorno lavoriamo per ridurre l\u2019impatto ambientale adottando pratiche produttive eco efficienti","robots":{"index":"index","follow":"follow","max-snippet":"max-snippet:-1","max-image-preview":"max-image-preview:large","max-video-preview":"max-video-preview:-1"},"canonical":"https:\/\/www.sauro.net\/it\/sostenibilita\/","og_locale":"it_IT","og_type":"article","og_title":"Sostenibilit\u00e0 - Sauro S.r.l. \u2013 Connettori e morsettiere per PCB","og_description":"Sostenibilit\u00e0 aziendale, ogni giorno lavoriamo per ridurre l\u2019impatto ambientale adottando pratiche produttive eco efficienti","og_url":"https:\/\/www.sauro.net\/it\/sostenibilita\/","og_site_name":"Sauro S.r.l. \u2013 Connettori e morsettiere per PCB","article_publisher":"https:\/\/www.facebook.com\/sauroelectronicconnectors","article_modified_time":"2025-05-13T08:21:40+00:00","twitter_card":"summary_large_image","twitter_misc":{"Tempo di lettura stimato":"1 minuto"},"schema":{"@context":"https:\/\/schema.org","@graph":[{"@type":"WebPage","@id":"https:\/\/www.sauro.net\/it\/sostenibilita\/","url":"https:\/\/www.sauro.net\/it\/sostenibilita\/","name":"Sostenibilit\u00e0 - Sauro S.r.l. \u2013 Connettori e morsettiere per PCB","isPartOf":{"@id":"https:\/\/www.sauro.net\/#website"},"datePublished":"2024-05-02T12:11:31+00:00","dateModified":"2025-05-13T08:21:40+00:00","description":"Sostenibilit\u00e0 aziendale, ogni giorno lavoriamo per ridurre l\u2019impatto ambientale adottando pratiche produttive eco efficienti","breadcrumb":{"@id":"https:\/\/www.sauro.net\/it\/sostenibilita\/#breadcrumb"},"inLanguage":"it-IT","potentialAction":[{"@type":"ReadAction","target":["https:\/\/www.sauro.net\/it\/sostenibilita\/"]}]},{"@type":"BreadcrumbList","@id":"https:\/\/www.sauro.net\/it\/sostenibilita\/#breadcrumb","itemListElement":[{"@type":"ListItem","position":1,"name":"Home","item":"https:\/\/www.sauro.net\/it\/"},{"@type":"ListItem","position":2,"name":"Sostenibilit\u00e0"}]},{"@type":"WebSite","@id":"https:\/\/www.sauro.net\/#website","url":"https:\/\/www.sauro.net\/","name":"Sito Web Sauro","description":"Connect with confidence, we take care of the rest","publisher":{"@id":"https:\/\/www.sauro.net\/#organization"},"potentialAction":[{"@type":"SearchAction","target":{"@type":"EntryPoint","urlTemplate":"https:\/\/www.sauro.net\/?s={search_term_string}"},"query-input":{"@type":"PropertyValueSpecification","valueRequired":true,"valueName":"search_term_string"}}],"inLanguage":"it-IT"},{"@type":"Organization","@id":"https:\/\/www.sauro.net\/#organization","name":"Sito Web Sauro","url":"https:\/\/www.sauro.net\/","logo":{"@type":"ImageObject","inLanguage":"it-IT","@id":"https:\/\/www.sauro.net\/#\/schema\/logo\/image\/","url":"https:\/\/www.sauro.net\/wp-content\/uploads\/2024\/09\/Logo-Sauro_oriz_40_4.png","contentUrl":"https:\/\/www.sauro.net\/wp-content\/uploads\/2024\/09\/Logo-Sauro_oriz_40_4.png","width":132,"height":40,"caption":"Sito Web Sauro"},"image":{"@id":"https:\/\/www.sauro.net\/#\/schema\/logo\/image\/"},"sameAs":["https:\/\/www.facebook.com\/sauroelectronicconnectors","https:\/\/www.linkedin.com\/company\/saurosrl\/"]}]}},"_links":{"self":[{"href":"https:\/\/www.sauro.net\/it\/wp-json\/wp\/v2\/pages\/2569","targetHints":{"allow":["GET"]}}],"collection":[{"href":"https:\/\/www.sauro.net\/it\/wp-json\/wp\/v2\/pages"}],"about":[{"href":"https:\/\/www.sauro.net\/it\/wp-json\/wp\/v2\/types\/page"}],"author":[{"embeddable":true,"href":"https:\/\/www.sauro.net\/it\/wp-json\/wp\/v2\/users\/2"}],"replies":[{"embeddable":true,"href":"https:\/\/www.sauro.net\/it\/wp-json\/wp\/v2\/comments?post=2569"}],"version-history":[{"count":16,"href":"https:\/\/www.sauro.net\/it\/wp-json\/wp\/v2\/pages\/2569\/revisions"}],"predecessor-version":[{"id":5651,"href":"https:\/\/www.sauro.net\/it\/wp-json\/wp\/v2\/pages\/2569\/revisions\/5651"}],"wp:attachment":[{"href":"https:\/\/www.sauro.net\/it\/wp-json\/wp\/v2\/media?parent=2569"}],"curies":[{"name":"wp","href":"https:\/\/api.w.org\/{rel}","templated":true}]}}